{"id":293,"date":"2019-04-04T05:57:40","date_gmt":"2019-04-04T05:57:40","guid":{"rendered":"http:\/\/themes.themegoods.com\/dotlife\/demo\/?page_id=293"},"modified":"2019-12-06T13:22:17","modified_gmt":"2019-12-06T13:22:17","slug":"blog-classic","status":"publish","type":"page","link":"https:\/\/www.frenchtutorsurrey.co.uk\/?page_id=293","title":{"rendered":"My Blog"},"content":{"rendered":"\t\t<div data-elementor-type=\"wp-page\" data-elementor-id=\"293\" class=\"elementor elementor-293\" data-elementor-settings=\"[]\">\n\t\t\t\t\t\t<div class=\"elementor-inner\">\n\t\t\t\t\t\t\t<div class=\"elementor-section-wrap\">\n\t\t\t\t\t\t\t<section class=\"elementor-section elementor-top-section elementor-element elementor-element-566f073 elementor-section-stretched elementor-section-height-min-height elementor-section-boxed elementor-section-height-default elementor-section-items-middle\" data-id=\"566f073\" data-element_type=\"section\" data-settings=\"{&quot;stretch_section&quot;:&quot;section-stretched&quot;,&quot;background_background&quot;:&quot;classic&quot;,&quot;shape_divider_bottom&quot;:&quot;book&quot;}\">\n\t\t\t\t\t<div class=\"elementor-shape elementor-shape-bottom\" data-negative=\"false\">\n\t\t\t<svg xmlns=\"http:\/\/www.w3.org\/2000\/svg\" viewBox=\"0 0 1000 100\" preserveAspectRatio=\"none\">\n\t<path class=\"elementor-shape-fill\" d=\"M194,99c186.7,0.7,305-78.3,306-97.2c1,18.9,119.3,97.9,306,97.2c114.3-0.3,194,0.3,194,0.3s0-91.7,0-100c0,0,0,0,0-0 L0,0v99.3C0,99.3,79.7,98.7,194,99z\"\/>\n<\/svg>\t\t<\/div>\n\t\t\t\t\t<div class=\"elementor-container elementor-column-gap-default\">\n\t\t\t\t\t\t\t<div class=\"elementor-row\">\n\t\t\t\t\t<div class=\"elementor-column elementor-col-100 elementor-top-column elementor-element elementor-element-133dd6e\" data-id=\"133dd6e\" data-element_type=\"column\">\n\t\t\t<div class=\"elementor-column-wrap elementor-element-populated\">\n\t\t\t\t\t\t\t<div class=\"elementor-widget-wrap\">\n\t\t\t\t\t\t<div class=\"elementor-element elementor-element-075d5c8 animated-fast elementor-invisible elementor-widget elementor-widget-heading\" data-id=\"075d5c8\" data-element_type=\"widget\" data-settings=\"{&quot;_animation&quot;:&quot;fadeInUp&quot;}\" data-widget_type=\"heading.default\">\n\t\t\t\t<div class=\"elementor-widget-container\">\n\t\t\t<span class=\"elementor-heading-title elementor-size-default\">Dare to fly higher<\/span>\t\t<\/div>\n\t\t\t\t<\/div>\n\t\t\t\t<div class=\"elementor-element elementor-element-9874c11 animated-fast elementor-invisible elementor-widget elementor-widget-heading\" data-id=\"9874c11\" data-element_type=\"widget\" data-settings=\"{&quot;_animation&quot;:&quot;fadeInUp&quot;,&quot;_animation_delay&quot;:200}\" data-widget_type=\"heading.default\">\n\t\t\t\t<div class=\"elementor-widget-container\">\n\t\t\t<h2 class=\"elementor-heading-title elementor-size-default\">French Tutor Surrey is all about <div class=\"type-wrap\" style=\"display:none;\">\n        <div id=\"typed-strings\"><p>Building Confidence<\/p><p>Improving Performance<\/p><p>And Realizing Success<\/p><\/div>\n        <span id=\"typed\" style=\"white-space:pre;\"><\/span>\n        <\/div><\/h2>\t\t<\/div>\n\t\t\t\t<\/div>\n\t\t\t\t\t\t<\/div>\n\t\t\t\t\t<\/div>\n\t\t<\/div>\n\t\t\t\t\t\t\t\t<\/div>\n\t\t\t\t\t<\/div>\n\t\t<\/section>\n\t\t\t\t<section class=\"elementor-section elementor-top-section elementor-element elementor-element-df74b49 elementor-section-stretched elementor-section-boxed elementor-section-height-default elementor-section-height-default\" data-id=\"df74b49\" data-element_type=\"section\" data-settings=\"{&quot;stretch_section&quot;:&quot;section-stretched&quot;,&quot;background_background&quot;:&quot;classic&quot;}\">\n\t\t\t\t\t\t<div class=\"elementor-container elementor-column-gap-default\">\n\t\t\t\t\t\t\t<div class=\"elementor-row\">\n\t\t\t\t\t<div class=\"elementor-column elementor-col-100 elementor-top-column elementor-element elementor-element-b302077\" data-id=\"b302077\" data-element_type=\"column\">\n\t\t\t<div class=\"elementor-column-wrap elementor-element-populated\">\n\t\t\t\t\t\t\t<div class=\"elementor-widget-wrap\">\n\t\t\t\t\t\t<div class=\"elementor-element elementor-element-207d3a9 elementor-widget elementor-widget-dotlife-blog-posts\" data-id=\"207d3a9\" data-element_type=\"widget\" data-widget_type=\"dotlife-blog-posts.default\">\n\t\t\t\t<div class=\"elementor-widget-container\">\n\t\t\t<div class=\"blog_post_content_wrapper layout_classic\">\n<!-- Begin each blog post -->\n<div class=\"blog-posts-classic post-3028 post type-post status-publish format-standard has-post-thumbnail hentry category-french-tutor\">\n\n\t<div class=\"post_wrapper\">\n\t\t\n\t\t\t\t    <div class=\"post_img static\">\n\t\t\t    \t\t\t    <div class=\"post_img_hover classic \">\n\t\t\t     \t\t\t\t\t     <img  src=\"https:\/\/www.frenchtutorsurrey.co.uk\/wp-content\/uploads\/2019\/06\/french-cafe.jpg\" class=\"\" alt=\"\"\/>\n\t\t\t\t     \t\t\t     \t\t\t\t     \t<a href=\"https:\/\/www.frenchtutorsurrey.co.uk\/?p=3028\"><\/a>\n\t\t\t    <\/div>\n\t\t    <\/div>\n\t\t\t    \n\t    <div class=\"post_content_wrapper text_left\">\n\t\t    \n\t\t    <div class=\"post_header\">\n\t\t\t    \t\t\t    <div class=\"post_detail single_post\">\n\t\t\t\t    <span class=\"ti-folder ti_icon\"><\/span>\n\t\t\t    \t<span class=\"post_info_cat\">\n\t\t\t\t\t\t\t\t\t\t\t\t      \t<a href=\"https:\/\/www.frenchtutorsurrey.co.uk\/?cat=1\">French Tutor<\/a>\n\t\t\t\t\t\t\t\t\t    \t<\/span>\n\t\t\t \t<\/div>\n\t\t\t \t\t\t\t\t<div class=\"post_header_title\">\n\t\t\t\t    <h5><a href=\"https:\/\/www.frenchtutorsurrey.co.uk\/?p=3028\" title=\"11 French Words and Phrases that French People Actually Use\">11 French Words and Phrases that French People Actually Use<\/a><\/h5>\n\t\t\t\t<\/div>\n\t\t\t<\/div>\n\t    \n\t\t\t<div class=\"post_header_wrapper\">\n\t\t\t\t<p>The dream: jet off to France, find some chic\u00a0ao\u00fbtien(ne)s, pick up on their slang, speak flawless French\u2026hmmmm The reality, unfortunately, is more like googling \u201chow to get better at French without going to France\u201d Don\u2019t worry, I can help you...<\/p>\t\t\t    \t\t\t    <div class=\"post_button_wrapper\">\n\t\t\t    \t<div class=\"post_attribute\">\n\t\t\t\t\t    <a href=\"https:\/\/www.frenchtutorsurrey.co.uk\/?p=3028\" title=\"11 French Words and Phrases that French People Actually Use\"><span class=\"ti-timer ti_icon\"><\/span>June 17, 2019<\/a>\n\t\t\t\t\t<\/div>\n\t\t\t    <\/div>\n\t\t\t    \t\t\t<\/div>\n\t    <\/div>\n\t    \n\t<\/div>\n\n<\/div>\n<br class=\"clear\"\/>\n<!-- End each blog post --><!-- Begin each blog post -->\n<div class=\"blog-posts-classic post-200 post type-post status-publish format-standard has-post-thumbnail hentry category-french-tutor\">\n\n\t<div class=\"post_wrapper\">\n\t\t\n\t\t\t\t    <div class=\"post_img static\">\n\t\t\t    \t\t\t    <div class=\"post_img_hover classic \">\n\t\t\t     \t\t\t\t\t     <img  src=\"https:\/\/www.frenchtutorsurrey.co.uk\/wp-content\/uploads\/2019\/04\/Television.jpg\" class=\"\" alt=\"\"\/>\n\t\t\t\t     \t\t\t     \t\t\t\t     \t<a href=\"https:\/\/www.frenchtutorsurrey.co.uk\/?p=200\"><\/a>\n\t\t\t    <\/div>\n\t\t    <\/div>\n\t\t\t    \n\t    <div class=\"post_content_wrapper text_left\">\n\t\t    \n\t\t    <div class=\"post_header\">\n\t\t\t    \t\t\t    <div class=\"post_detail single_post\">\n\t\t\t\t    <span class=\"ti-folder ti_icon\"><\/span>\n\t\t\t    \t<span class=\"post_info_cat\">\n\t\t\t\t\t\t\t\t\t\t\t\t      \t<a href=\"https:\/\/www.frenchtutorsurrey.co.uk\/?cat=1\">French Tutor<\/a>\n\t\t\t\t\t\t\t\t\t    \t<\/span>\n\t\t\t \t<\/div>\n\t\t\t \t\t\t\t\t<div class=\"post_header_title\">\n\t\t\t\t    <h5><a href=\"https:\/\/www.frenchtutorsurrey.co.uk\/?p=200\" title=\"Histoire Courte&#8230;.L&#8217;\u00e9trang\u00e8re&#8230;magnifique!\">Histoire Courte&#8230;.L&#8217;\u00e9trang\u00e8re&#8230;magnifique!<\/a><\/h5>\n\t\t\t\t<\/div>\n\t\t\t<\/div>\n\t    \n\t\t\t<div class=\"post_header_wrapper\">\n\t\t\t\t<p>L&#8217;\u00e9trang\u00e8re&#8230;magnifique !! Quelques ann\u00e9es avant ma naissance, mon p\u00e8re connut une \u00e9trang\u00e8re r\u00e9cemment arriv\u00e9e dans notre village Depuis le d\u00e9but, mon p\u00e8re fut subjugu\u00e9 par cette personne, si bien que nous en arriv\u00e2mes \u00e0 l&#8217;inviter \u00e0 demeurer chez nous...<\/p>\t\t\t    \t\t\t    <div class=\"post_button_wrapper\">\n\t\t\t    \t<div class=\"post_attribute\">\n\t\t\t\t\t    <a href=\"https:\/\/www.frenchtutorsurrey.co.uk\/?p=200\" title=\"Histoire Courte&#8230;.L&#8217;\u00e9trang\u00e8re&#8230;magnifique!\"><span class=\"ti-timer ti_icon\"><\/span>April 3, 2019<\/a>\n\t\t\t\t\t<\/div>\n\t\t\t    <\/div>\n\t\t\t    \t\t\t<\/div>\n\t    <\/div>\n\t    \n\t<\/div>\n\n<\/div>\n<br class=\"clear\"\/>\n<!-- End each blog post --><!-- Begin each blog post -->\n<div class=\"blog-posts-classic post-198 post type-post status-publish format-standard has-post-thumbnail hentry category-french-tutor\">\n\n\t<div class=\"post_wrapper\">\n\t\t\n\t\t\t\t    <div class=\"post_img static\">\n\t\t\t    \t\t\t    <div class=\"post_img_hover classic \">\n\t\t\t     \t\t\t\t\t     <img  src=\"https:\/\/www.frenchtutorsurrey.co.uk\/wp-content\/uploads\/2019\/04\/French_Second_Language.jpg\" class=\"\" alt=\"\"\/>\n\t\t\t\t     \t\t\t     \t\t\t\t     \t<a href=\"https:\/\/www.frenchtutorsurrey.co.uk\/?p=198\"><\/a>\n\t\t\t    <\/div>\n\t\t    <\/div>\n\t\t\t    \n\t    <div class=\"post_content_wrapper text_left\">\n\t\t    \n\t\t    <div class=\"post_header\">\n\t\t\t    \t\t\t    <div class=\"post_detail single_post\">\n\t\t\t\t    <span class=\"ti-folder ti_icon\"><\/span>\n\t\t\t    \t<span class=\"post_info_cat\">\n\t\t\t\t\t\t\t\t\t\t\t\t      \t<a href=\"https:\/\/www.frenchtutorsurrey.co.uk\/?cat=1\">French Tutor<\/a>\n\t\t\t\t\t\t\t\t\t    \t<\/span>\n\t\t\t \t<\/div>\n\t\t\t \t\t\t\t\t<div class=\"post_header_title\">\n\t\t\t\t    <h5><a href=\"https:\/\/www.frenchtutorsurrey.co.uk\/?p=198\" title=\"Learning second language &#8216;slows brain ageing&#8217;\">Learning second language &#8216;slows brain ageing&#8217;<\/a><\/h5>\n\t\t\t\t<\/div>\n\t\t\t<\/div>\n\t    \n\t\t\t<div class=\"post_header_wrapper\">\n\t\t\t\t<p>Bonjour \u00e0 tous, https:\/\/wwwbbccouk\/news\/health-27634990 Voici un article qu&#8217;une de mes \u00e9tudiantes m&#8217;a envoy\u00e9 (Merci Dominique!!) A lire&#8230;C&#8217;est tr\u00e8s int\u00e9ressant Bonne lecture \u00e0 tous, K...<\/p>\t\t\t    \t\t\t    <div class=\"post_button_wrapper\">\n\t\t\t    \t<div class=\"post_attribute\">\n\t\t\t\t\t    <a href=\"https:\/\/www.frenchtutorsurrey.co.uk\/?p=198\" title=\"Learning second language &#8216;slows brain ageing&#8217;\"><span class=\"ti-timer ti_icon\"><\/span>April 3, 2019<\/a>\n\t\t\t\t\t<\/div>\n\t\t\t    <\/div>\n\t\t\t    \t\t\t<\/div>\n\t    <\/div>\n\t    \n\t<\/div>\n\n<\/div>\n<br class=\"clear\"\/>\n<!-- End each blog post --><\/div>\n<br class=\"clear\"\/>\t\t<\/div>\n\t\t\t\t<\/div>\n\t\t\t\t\t\t<\/div>\n\t\t\t\t\t<\/div>\n\t\t<\/div>\n\t\t\t\t\t\t\t\t<\/div>\n\t\t\t\t\t<\/div>\n\t\t<\/section>\n\t\t\t\t<section class=\"elementor-section elementor-top-section elementor-element elementor-element-d09991d elementor-section-boxed elementor-section-height-default elementor-section-height-default\" data-id=\"d09991d\" data-element_type=\"section\">\n\t\t\t\t\t\t<div class=\"elementor-container elementor-column-gap-default\">\n\t\t\t\t\t\t\t<div class=\"elementor-row\">\n\t\t\t\t\t<div class=\"elementor-column elementor-col-100 elementor-top-column elementor-element elementor-element-3975795\" data-id=\"3975795\" data-element_type=\"column\">\n\t\t\t<div class=\"elementor-column-wrap elementor-element-populated\">\n\t\t\t\t\t\t\t<div class=\"elementor-widget-wrap\">\n\t\t\t\t\t\t<section class=\"elementor-section elementor-inner-section elementor-element elementor-element-84db24d elementor-section-boxed elementor-section-height-default elementor-section-height-default\" data-id=\"84db24d\" data-element_type=\"section\">\n\t\t\t\t\t\t<div class=\"elementor-container elementor-column-gap-default\">\n\t\t\t\t\t\t\t<div class=\"elementor-row\">\n\t\t\t\t\t<div class=\"elementor-column elementor-col-33 elementor-inner-column elementor-element elementor-element-c2c17d4\" data-id=\"c2c17d4\" data-element_type=\"column\">\n\t\t\t<div class=\"elementor-column-wrap elementor-element-populated\">\n\t\t\t\t\t\t\t<div class=\"elementor-widget-wrap\">\n\t\t\t\t\t\t<div class=\"elementor-element elementor-element-66be27b elementor-widget elementor-widget-image\" data-id=\"66be27b\" data-element_type=\"widget\" data-widget_type=\"image.default\">\n\t\t\t\t<div class=\"elementor-widget-container\">\n\t\t\t\t\t<div class=\"elementor-image\">\n\t\t\t\t\t\t\t\t\t\t<img width=\"472\" height=\"527\" src=\"https:\/\/www.frenchtutorsurrey.co.uk\/wp-content\/uploads\/2019\/07\/areas-serviced.jpg\" class=\"attachment-large size-large\" alt=\"\" loading=\"lazy\" srcset=\"https:\/\/www.frenchtutorsurrey.co.uk\/wp-content\/uploads\/2019\/07\/areas-serviced.jpg 472w, https:\/\/www.frenchtutorsurrey.co.uk\/wp-content\/uploads\/2019\/07\/areas-serviced-269x300.jpg 269w, https:\/\/www.frenchtutorsurrey.co.uk\/wp-content\/uploads\/2019\/07\/areas-serviced-440x491.jpg 440w\" sizes=\"(max-width: 472px) 100vw, 472px\" \/>\t\t\t\t\t\t\t\t\t\t\t<\/div>\n\t\t\t\t<\/div>\n\t\t\t\t<\/div>\n\t\t\t\t\t\t<\/div>\n\t\t\t\t\t<\/div>\n\t\t<\/div>\n\t\t\t\t<div class=\"elementor-column elementor-col-66 elementor-inner-column elementor-element elementor-element-7e6c2dd\" data-id=\"7e6c2dd\" data-element_type=\"column\">\n\t\t\t<div class=\"elementor-column-wrap elementor-element-populated\">\n\t\t\t\t\t\t\t<div class=\"elementor-widget-wrap\">\n\t\t\t\t\t\t<div class=\"elementor-element elementor-element-4ec99b5 elementor-widget elementor-widget-text-editor\" data-id=\"4ec99b5\" data-element_type=\"widget\" data-widget_type=\"text-editor.default\">\n\t\t\t\t<div class=\"elementor-widget-container\">\n\t\t\t\t\t<div class=\"elementor-text-editor elementor-clearfix\"><strong>Terms and Conditions<\/strong> \u2013 French Tutor Surrey will accept any lesson booked to be cancelled within a reasonable time. The determination of reasonable is up to the discretion of the student, but as a general rule, cancelling the day before the lesson shall be considered reasonable. Any cancellation decided on the same day as the lesson shall be charged as if the lesson had been taken.\n\nConnect \u2013View my social profiles using one of the links below, or send me an email \u2013 info@frenchtutorsurrey.co.uk \/ kenza.jamal@btconnect.com\u200b<\/div>\n\t\t\t\t<\/div>\n\t\t\t\t<\/div>\n\t\t\t\t<div class=\"elementor-element elementor-element-6e36827 e-grid-align-left elementor-shape-rounded elementor-grid-0 elementor-widget elementor-widget-social-icons\" data-id=\"6e36827\" data-element_type=\"widget\" data-widget_type=\"social-icons.default\">\n\t\t\t\t<div class=\"elementor-widget-container\">\n\t\t\t\t\t<div class=\"elementor-social-icons-wrapper elementor-grid\">\n\t\t\t\t\t\t\t<div class=\"elementor-grid-item\">\n\t\t\t\t\t<a class=\"elementor-icon elementor-social-icon elementor-social-icon-facebook elementor-repeater-item-2551ce0\" href=\"\" target=\"_blank\">\n\t\t\t\t\t\t<span class=\"elementor-screen-only\">Facebook<\/span>\n\t\t\t\t\t\t\t\t\t\t\t\t\t<i class=\"fa fa-facebook\"><\/i>\n\t\t\t\t\t\t\t\t\t\t\t<\/a>\n\t\t\t\t<\/div>\n\t\t\t\t\t\t\t<div class=\"elementor-grid-item\">\n\t\t\t\t\t<a class=\"elementor-icon elementor-social-icon elementor-social-icon-linkedin elementor-repeater-item-89b5eb8\" href=\"\" target=\"_blank\">\n\t\t\t\t\t\t<span class=\"elementor-screen-only\">Linkedin<\/span>\n\t\t\t\t\t\t\t\t\t\t\t\t\t<i class=\"fa fa-linkedin\"><\/i>\n\t\t\t\t\t\t\t\t\t\t\t<\/a>\n\t\t\t\t<\/div>\n\t\t\t\t\t<\/div>\n\t\t\t\t<\/div>\n\t\t\t\t<\/div>\n\t\t\t\t\t\t<\/div>\n\t\t\t\t\t<\/div>\n\t\t<\/div>\n\t\t\t\t\t\t\t\t<\/div>\n\t\t\t\t\t<\/div>\n\t\t<\/section>\n\t\t\t\t\t\t<\/div>\n\t\t\t\t\t<\/div>\n\t\t<\/div>\n\t\t\t\t\t\t\t\t<\/div>\n\t\t\t\t\t<\/div>\n\t\t<\/section>\n\t\t\t\t\t\t<\/div>\n\t\t\t\t\t\t<\/div>\n\t\t\t\t\t<\/div>\n\t\t","protected":false},"excerpt":{"rendered":"<p>Dare to fly higher French Tutor Surrey is all about French Tutor 11 French Words and Phrases that French People Actually Use The dream: jet off to France, find some chic\u00a0ao\u00fbtien(ne)s, pick up on their slang, speak flawless French\u2026hmmmm The [&hellip;]<\/p>\n","protected":false},"author":1,"featured_media":0,"parent":0,"menu_order":0,"comment_status":"closed","ping_status":"closed","template":"","meta":[],"yoast_head":"<!-- This site is optimized with the Yoast SEO plugin v15.7 - https:\/\/yoast.com\/wordpress\/plugins\/seo\/ -->\n<title>My Blog - French Tutor Surrey<\/title>\n<meta name=\"robots\" content=\"index, follow, max-snippet:-1, max-image-preview:large, max-video-preview:-1\" \/>\n<link rel=\"canonical\" href=\"https:\/\/www.frenchtutorsurrey.co.uk\/?page_id=293\" \/>\n<meta property=\"og:locale\" content=\"en_US\" \/>\n<meta property=\"og:type\" content=\"article\" \/>\n<meta property=\"og:title\" content=\"My Blog - French Tutor Surrey\" \/>\n<meta property=\"og:description\" content=\"Dare to fly higher French Tutor Surrey is all about French Tutor 11 French Words and Phrases that French People Actually Use The dream: jet off to France, find some chic\u00a0ao\u00fbtien(ne)s, pick up on their slang, speak flawless French\u2026hmmmm The [&hellip;]\" \/>\n<meta property=\"og:url\" content=\"https:\/\/www.frenchtutorsurrey.co.uk\/?page_id=293\" \/>\n<meta property=\"og:site_name\" content=\"French Tutor Surrey\" \/>\n<meta property=\"article:modified_time\" content=\"2019-12-06T13:22:17+00:00\" \/>\n<meta property=\"og:image\" content=\"http:\/\/www.frenchtutorsurrey.co.uk\/wp-content\/uploads\/2019\/06\/french-cafe.jpg\" \/>\n<meta name=\"twitter:card\" content=\"summary_large_image\" \/>\n<meta name=\"twitter:label1\" content=\"Est. reading time\">\n\t<meta name=\"twitter:data1\" content=\"1 minute\">\n<script type=\"application\/ld+json\" class=\"yoast-schema-graph\">{\"@context\":\"https:\/\/schema.org\",\"@graph\":[{\"@type\":\"WebSite\",\"@id\":\"https:\/\/www.frenchtutorsurrey.co.uk\/#website\",\"url\":\"https:\/\/www.frenchtutorsurrey.co.uk\/\",\"name\":\"French Tutor Surrey\",\"description\":\"Learn to speak French with a qualified French Tutor\",\"potentialAction\":[{\"@type\":\"SearchAction\",\"target\":\"https:\/\/www.frenchtutorsurrey.co.uk\/?s={search_term_string}\",\"query-input\":\"required name=search_term_string\"}],\"inLanguage\":\"en-US\"},{\"@type\":\"ImageObject\",\"@id\":\"https:\/\/www.frenchtutorsurrey.co.uk\/?page_id=293#primaryimage\",\"inLanguage\":\"en-US\",\"url\":\"https:\/\/www.frenchtutorsurrey.co.uk\/wp-content\/uploads\/2019\/06\/french-cafe.jpg\",\"width\":868,\"height\":533},{\"@type\":\"WebPage\",\"@id\":\"https:\/\/www.frenchtutorsurrey.co.uk\/?page_id=293#webpage\",\"url\":\"https:\/\/www.frenchtutorsurrey.co.uk\/?page_id=293\",\"name\":\"My Blog - French Tutor Surrey\",\"isPartOf\":{\"@id\":\"https:\/\/www.frenchtutorsurrey.co.uk\/#website\"},\"primaryImageOfPage\":{\"@id\":\"https:\/\/www.frenchtutorsurrey.co.uk\/?page_id=293#primaryimage\"},\"datePublished\":\"2019-04-04T05:57:40+00:00\",\"dateModified\":\"2019-12-06T13:22:17+00:00\",\"inLanguage\":\"en-US\",\"potentialAction\":[{\"@type\":\"ReadAction\",\"target\":[\"https:\/\/www.frenchtutorsurrey.co.uk\/?page_id=293\"]}]}]}<\/script>\n<!-- \/ Yoast SEO plugin. -->","_links":{"self":[{"href":"https:\/\/www.frenchtutorsurrey.co.uk\/index.php?rest_route=\/wp\/v2\/pages\/293"}],"collection":[{"href":"https:\/\/www.frenchtutorsurrey.co.uk\/index.php?rest_route=\/wp\/v2\/pages"}],"about":[{"href":"https:\/\/www.frenchtutorsurrey.co.uk\/index.php?rest_route=\/wp\/v2\/types\/page"}],"author":[{"embeddable":true,"href":"https:\/\/www.frenchtutorsurrey.co.uk\/index.php?rest_route=\/wp\/v2\/users\/1"}],"replies":[{"embeddable":true,"href":"https:\/\/www.frenchtutorsurrey.co.uk\/index.php?rest_route=%2Fwp%2Fv2%2Fcomments&post=293"}],"version-history":[{"count":5,"href":"https:\/\/www.frenchtutorsurrey.co.uk\/index.php?rest_route=\/wp\/v2\/pages\/293\/revisions"}],"predecessor-version":[{"id":3531,"href":"https:\/\/www.frenchtutorsurrey.co.uk\/index.php?rest_route=\/wp\/v2\/pages\/293\/revisions\/3531"}],"wp:attachment":[{"href":"https:\/\/www.frenchtutorsurrey.co.uk\/index.php?rest_route=%2Fwp%2Fv2%2Fmedia&parent=293"}],"curies":[{"name":"wp","href":"https:\/\/api.w.org\/{rel}","templated":true}]}}